{"id":1094,"date":"2019-05-20T06:21:45","date_gmt":"2019-05-20T06:21:45","guid":{"rendered":"http:\/\/suhi-vez.com\/?page_id=1094"},"modified":"2019-05-20T06:22:25","modified_gmt":"2019-05-20T06:22:25","slug":"opci-uvjeti","status":"publish","type":"page","link":"https:\/\/suhi-vez.com\/en\/opci-uvjeti\/","title":{"rendered":"opci uvjeti"},"content":{"rendered":"<p>[fusion_builder_container hundred_percent=&#8221;no&#8221; equal_height_columns=&#8221;no&#8221; menu_anchor=&#8221;&#8221; hide_on_mobile=&#8221;small-visibility,medium-visibility,large-visibility&#8221; class=&#8221;&#8221; id=&#8221;&#8221; background_color=&#8221;&#8221; background_image=&#8221;&#8221; background_position=&#8221;center center&#8221; background_repeat=&#8221;no-repeat&#8221; fade=&#8221;no&#8221; background_parallax=&#8221;none&#8221; enable_mobile=&#8221;no&#8221; parallax_speed=&#8221;0.3&#8243; video_mp4=&#8221;&#8221; video_webm=&#8221;&#8221; video_ogv=&#8221;&#8221; video_url=&#8221;&#8221; video_aspect_ratio=&#8221;16:9&#8243; video_loop=&#8221;yes&#8221; video_mute=&#8221;yes&#8221; video_preview_image=&#8221;&#8221; border_size=&#8221;&#8221; border_color=&#8221;&#8221; border_style=&#8221;solid&#8221; margin_top=&#8221;&#8221; margin_bottom=&#8221;&#8221; padding_top=&#8221;&#8221; padding_right=&#8221;&#8221; padding_bottom=&#8221;&#8221; padding_left=&#8221;&#8221;][fusion_builder_row][fusion_builder_column type=&#8221;1_1&#8243; spacing=&#8221;&#8221; center_content=&#8221;no&#8221; hover_type=&#8221;none&#8221; link=&#8221;&#8221; min_height=&#8221;&#8221; hide_on_mobile=&#8221;small-visibility,medium-visibility,large-visibility&#8221; class=&#8221;&#8221; id=&#8221;&#8221; background_color=&#8221;&#8221; background_image=&#8221;&#8221; background_position=&#8221;left top&#8221; background_repeat=&#8221;no-repeat&#8221; border_size=&#8221;0&#8243; border_color=&#8221;&#8221; border_style=&#8221;solid&#8221; border_position=&#8221;all&#8221; padding=&#8221;&#8221; dimension_margin=&#8221;undefined&#8221; animation_type=&#8221;&#8221; animation_direction=&#8221;left&#8221; animation_speed=&#8221;0.3&#8243; animation_offset=&#8221;&#8221; last=&#8221;no&#8221;][fusion_text]<\/p>\n<h3>Op\u0107i uvjeti za\u0161tite osobnih podataka<\/h3>\n<p>Izjava o za\u0161titi privatnosti odnosi se na prikupljanje i obradu osobnih podataka te primjenu kola\u010di\u0107a (cookies) na internetskim stranicama.<br \/>Uvjeti za\u0161tite osobnih podataka odnose se na osobne podatke koji se nalaze i koji se kori\u0161tenjem web stranice obra\u0111uju, odnosno prikupljaju i pohranjuju.<br \/>Osobnim podatcima smatraju se svi podatci kojima se utv\u0111uje va\u0161 identitet (npr. ime, prezime, naziv tvrtke, kontakt telefon, e-mail., OIB i sl.)<br \/>Pa\u017eljivo pro\u010ditajte ove op\u0107e uvjete za\u0161tite osobnih podataka. Davanjem va\u0161ih osobnih podataka putem web stranice, potvr\u0111ujete da ste pro\u010ditali, razumjeli te da pristajete na prikupljanje, obradu i kori\u0161tenje va\u0161ih osobnih podataka u skladu sa ovim op\u0107im uvjetima.<\/p>\n<h4>1) Osobni podatci koji se prikupljaju i uporaba osobnih podataka<\/h4>\n<p>Prilikom va\u0161eg posjeta na\u0161oj internetskoj stranici mi spremamo razne informacije. Prilikom registracije za uslugu ili kori\u0161tenjem sustava za prijavu unosite neke svoje podatke, npr. ime i prezime, adresu, OIB, adresu e-po\u0161te, telefonski kontakt, korisni\u010dke lozinke. Unosite i druge podatke, kad naru\u010dite robu ili usluge ili kada nas izravno kontaktirate npr. financijske informacije (broj kreditne kartice i datum kad isti\u010de njezin rok va\u017eenja). Te se informacije koriste za fakturiranje i za ispunjavanje narud\u017ebi kupaca. Ove kontakt informacije se koriste i za kontaktiranje korisnika radi provjere narud\u017ebe\/podataka ili u slu\u010daju problema u obradi neke narud\u017ebe.<\/p>\n<p>Va\u0161e osobne podatke dobivene putem formi za prikupljanje podataka koji se nalaze na web stranicama, mo\u017eemo koristiti da bismo vas povremeno obavijestili o novostima i promjenama koje se ti\u010du na\u0161ih usluga i poslovanja, te slanje reklamnih materijala kroz newsletter<\/p>\n<p>Povremeno se na Internet stranici korisnici mogu pozvati da sudjeluju u raznim anketama ili natjecanjima ili se poziv na sudjelovanje \u0161alje u elektronskim obavijestima (e-\u010dasopis i sl.). Sudjelovanje u ovim anketama ili natjecanjima je dobrovoljno i korisnik mo\u017ee izabrati \u017eeli li dati ove informacije ili ne. Zatra\u017eene informacije mogu uklju\u010diti informacije za kontakt (e-mail adresa, ime i adresa) ili demografske informacije (spol, dob i sl.).<\/p>\n<p>Zadr\u017eavamo pravo da dobivene informacije te va\u0161e kontakt podatke ustupimo lokalnim i me\u0111unarodnim zakonodavnim slu\u017ebama ukoliko to bude potrebno.<\/p>\n<h4>2) Uporaba kola\u010di\u0107a (Cookies)<\/h4>\n<p>Kako bismo olak\u0161ali kori\u0161tenje na\u0161e web stranice, koristimo \u201cCookies \u201d koji omogu\u0107uju identifikaciju registriranih korisnika. Cookies su male cjeline podataka, koje se privremeno pohranjuju na tvrdom disku. Kola\u010di\u0107i ne sadr\u017ee osobne podatke, tako da je va\u0161a privatnost za\u0161ti\u0107ena. Prilikom svakog sljede\u0107eg pristupa na Internet stranicu na\u0161 sustav \u0107e pretra\u017eivati va\u0161 kola\u010di\u0107 tra\u017ee\u0107i prethodno zapisane podatke.<\/p>\n<p>Kola\u010di\u0107i se mogu klasificirati kao:<br \/>Privremeni kola\u010di\u0107i (Session cookies) \u2013 pohranjuju se na ra\u010dunalu , te se automatski bri\u0161u nakon zatvaranja web-preglednika. Omogu\u0107uju internetskoj stranici da dobije privremene podatke, poput komentara ili stanja ko\u0161arice za kupnju.<br \/>Trajni kola\u010di\u0107i (Persistent cookies) \u2013 Ostaju u va\u0161em web pregledniku i nakon zatvaranja i obi\u010dno imaju rok isteka. Na\u0161a stranica koristi trajne kola\u010di\u0107e kako bi olak\u0161ali pristup registriranim korisnicima. Pohranjuju podatke kao \u0161to su korisni\u010dko ime i lozinka, \u0161to omogu\u0107uje da koristite funkcionalnost \u201ezapamti me\u201c prilikom prijavljivanja, tako da ne morate upisivati korisni\u010dko ime i lozinku svaki puta kada posje\u0107ujete na\u0161u web stranicu.<br \/>Kola\u010di\u0107 od prve strane \u2013 oni dolaze s web stranice koju ste posjetili, a mogu biti privremeni ili stalni. Omogu\u0107avaju web stranicama da spreme podatke koji se koriste kada korisnik ponovno posjeti web stranicu. Kola\u010di\u0107i od tre\u0107e strane \u2013 postoji nekoliko vanjskih servisa koji korisniku spremaju limitirane kola\u010di\u0107e (Facebook, Instagram, Google Analytics i AdWords).<br \/>Koje su Vam opcije dostupne?<br \/>U postavkama pretra\u017eiva\u010da kao \u0161to su Internet Explorer, Safari, Firefox ili Chrome mo\u017eete odrediti koje kola\u010di\u0107e \u017eelite prihvatiti a koje \u010dete odbiti. Mjesto na kojem mo\u017eete prona\u0107i postavke ovisi o vrsti Va\u0161eg pretra\u017eiva\u010da. Putem opcije \u201epomo\u0107\u201c u Va\u0161em pretra\u017eiva\u010du prona\u0111ite postavke koje trebate.<br \/>Ukoliko odaberete opciju da ne \u017eelite prihvatiti odre\u0111ene kola\u010di\u0107e, mo\u017eda ne\u0107ete mo\u0107i koristiti odre\u0111ene funkcije na na\u0161oj Internet stranici.<\/p>\n<h4>3) Sigurnost web stranica<\/h4>\n<p>Svi se podaci o korisnicima strogo \u010duvaju i dostupni su samo djelatnicima (i partnerskoj dostavnoj slu\u017ebi) kojima su ti podaci nu\u017eni za obavljanje posla. Va\u0161e osobne podatke pohraniti \u0107emo na siguran na\u010din te \u0107emo poduzeti sve mjere opreza kako sprije\u010dili gubitak, zlouporaba ili promjena podataka. Na\u0161e internet stranice odr\u017eavaju se redovito i nastoje se za\u0161tititi od svakog neovla\u0161tenog kori\u0161tenja. Iako koristimo sigurnosne mjere kako bi va\u0161i osobni podatci bili u potpunosti za\u0161ti\u0107eni, imajte na umu da uvijek postoji odre\u0111eni rizik te da neovla\u0161tene osobe ili aplikacije mogu zaobi\u0107i sigurnosne zapreke te presresti svaku aktivnost na na\u0161im internet stranicama kako bi o\u0161tetili i vas i nas.<\/p>\n<h4>4) Kori\u0161tenje Google Analytics<\/h4>\n<p>Web stranica upotrebljava podatke servisa Google Analytics \u2013 web analytics usluga koje pru\u017ea Google. Google Analytics koristi \u201ccookie\u201d, tekstualne datoteke koje su pohranjene na va\u0161em ra\u010dunalu kako bi analizirali kori\u0161tenje web stranice i kretanje kroz sadr\u017eaje stranice. U ovu svrhu upotrebljavaju se kola\u010di\u0107i kao \u0161to su kola\u010di\u0107i Google Analyticsa pomo\u0107u kojih se optimiziraju prikazi oglasa na stranicama koje posje\u0107ujete i bilje\u017ee va\u0161i posjeti stranicama.<br \/>Google \u0107e koristiti ove podatke za procjenu va\u0161eg kori\u0161tenja web stranice, sastavljanje izvje\u0161\u0107a o aktivnosti za web operatore web stranica i pru\u017eanje drugih aktivnosti vezane za internetske usluge.<br \/>Mo\u017eete odbiti uporabu kola\u010di\u0107a mijenjanje postavki preglednika, \u0161to mo\u017ee umanjiti ili onemogu\u0107iti pristup odre\u0111enim sadr\u017eajima na web stranici.<br \/>Kori\u0161tenjem ove stranice pristajete na obradu podataka koju obavlja Google.<\/p>\n<h4>5) Uvjeti i izmjene<\/h4>\n<p>Zadr\u017eavamo pravo da s vremena na vrijeme modificiramo, pro\u0161irujemo ili skra\u0107ujemo ovaj dokument o za\u0161titi privatnosti. Promjene u ovom dokumentu o za\u0161titi privatnosti uvijek \u0107e biti javno objavljene na na\u0161im internet stranicama.<\/p>\n<p>Pri svakom posjetu na\u0161oj stranici smatramo da se u potpunosti sla\u017eete s ovdje navedenim uvjetima. Ukoliko se ne sla\u017eete s navedenim uvjetima molimo vas da prestanete koristiti na\u0161u internet stranicu.<\/p>\n<p>[\/fusion_text][\/fusion_builder_column][\/fusion_builder_row][\/fusion_builder_container]<\/p>","protected":false},"excerpt":{"rendered":"<p>[fusion_builder_container hundred_percent=&#8221;no&#8221; equal_height_columns=&#8221;no&#8221; menu_anchor=&#8221;&#8221; hide_on_mobile=&#8221;small-visibility,medium-visibility,large-visibility&#8221; class=&#8221;&#8221; id=&#8221;&#8221; background_color=&#8221;&#8221; background_image=&#8221;&#8221; background_position=&#8221;center center&#8221; background_repeat=&#8221;no-repeat&#8221; fade=&#8221;no&#8221; background_parallax=&#8221;none&#8221; enable_mobile=&#8221;no&#8221; parallax_speed=&#8221;0.3&#8243; video_mp4=&#8221;&#8221; video_webm=&#8221;&#8221; video_ogv=&#8221;&#8221; video_url=&#8221;&#8221; video_aspect_ratio=&#8221;16:9&#8243; video_loop=&#8221;yes&#8221; video_mute=&#8221;yes&#8221; video_preview_image=&#8221;&#8221; border_size=&#8221;&#8221; border_color=&#8221;&#8221; border_style=&#8221;solid&#8221; margin_top=&#8221;&#8221; margin_bottom=&#8221;&#8221; padding_top=&#8221;&#8221; padding_right=&#8221;&#8221; padding_bottom=&#8221;&#8221; padding_left=&#8221;&#8221;][fusion_builder_row][fusion_builder_column type=&#8221;1_1&#8243; spacing=&#8221;&#8221; center_content=&#8221;no&#8221; hover_type=&#8221;none&#8221; link=&#8221;&#8221; min_height=&#8221;&#8221; hide_on_mobile=&#8221;small-visibility,medium-visibility,large-visibility&#8221; class=&#8221;&#8221; id=&#8221;&#8221; background_color=&#8221;&#8221; background_image=&#8221;&#8221; background_position=&#8221;left top&#8221; background_repeat=&#8221;no-repeat&#8221; border_size=&#8221;0&#8243; border_color=&#8221;&#8221; border_style=&#8221;solid&#8221; border_position=&#8221;all&#8221; padding=&#8221;&#8221; dimension_margin=&#8221;undefined&#8221; animation_type=&#8221;&#8221; animation_direction=&#8221;left&#8221; [&hellip;]<\/p>","protected":false},"author":1,"featured_media":0,"parent":0,"menu_order":0,"comment_status":"closed","ping_status":"closed","template":"","meta":[],"_links":{"self":[{"href":"https:\/\/suhi-vez.com\/en\/wp-json\/wp\/v2\/pages\/1094"}],"collection":[{"href":"https:\/\/suhi-vez.com\/en\/wp-json\/wp\/v2\/pages"}],"about":[{"href":"https:\/\/suhi-vez.com\/en\/wp-json\/wp\/v2\/types\/page"}],"author":[{"embeddable":true,"href":"https:\/\/suhi-vez.com\/en\/wp-json\/wp\/v2\/users\/1"}],"replies":[{"embeddable":true,"href":"https:\/\/suhi-vez.com\/en\/wp-json\/wp\/v2\/comments?post=1094"}],"version-history":[{"count":2,"href":"https:\/\/suhi-vez.com\/en\/wp-json\/wp\/v2\/pages\/1094\/revisions"}],"predecessor-version":[{"id":1096,"href":"https:\/\/suhi-vez.com\/en\/wp-json\/wp\/v2\/pages\/1094\/revisions\/1096"}],"wp:attachment":[{"href":"https:\/\/suhi-vez.com\/en\/wp-json\/wp\/v2\/media?parent=1094"}],"curies":[{"name":"wp","href":"https:\/\/api.w.org\/{rel}","templated":true}]}}